{"id":1265,"date":"2025-08-06T15:28:05","date_gmt":"2025-08-06T13:28:05","guid":{"rendered":"https:\/\/www.ibg.cz\/?page_id=1265"},"modified":"2025-08-06T15:28:05","modified_gmt":"2025-08-06T13:28:05","slug":"pronajem-dieselgeneratoru","status":"publish","type":"page","link":"https:\/\/www.ibg.cz\/en\/pronajem-dieselgeneratoru","title":{"rendered":"Pron\u00e1jem Dieselgener\u00e1tor\u016f"},"content":{"rendered":"<section class=\"section-trailer section-trailer--align-default\">\n\n  <div class=\"section-trailer__inset\">\n\n    <div class=\"section-trailer__content\">\n\n      <h2 class=\"section-trailer__title\">\n        Dieselgener\u00e1tory<br \/>\nvysok\u00e9 kvality\n      <\/h2>\n\n      <div class=\"section-trailer__format\">\n        <\/p>\n<p>Dieselgener\u00e1tory dod\u00e1v\u00e1me v\u017edy odhlu\u010dn\u011bn\u00e9 a spl\u0148uj\u00edc\u00ed legislativn\u00ed podm\u00ednky dle \u010desk\u00fdch norem v\u010detn\u011b reviz\u00ed.<\/p>\n<p>\n\n      <\/div>\n      \n    <\/div>\n\n    <span class=\"section-trailer__image\" style=\"background-image:url(https\\:\\\/\\\/www\\.ibg\\.cz\\\/wp-content\\\/uploads\\\/2023\\\/03\\\/1\\.jpg);\">\n      \n    <\/span>\n\n  <\/div>\n\n<\/section>\n<section class=\"section-trailer section-trailer--align-right\">\n\n  <div class=\"section-trailer__inset\">\n\n    <div class=\"section-trailer__content\">\n\n      <h2 class=\"section-trailer__title\">\n        Doprava a provoz dieselgener\u00e1toru\n      <\/h2>\n\n      <div class=\"section-trailer__format\">\n        <\/p>\n<p>Dieselgener\u00e1tor dovezeme p\u0159\u00edmo k v\u00e1m na m\u00edsto a n\u00e1\u0161 technik jej uvede do provozu, v\u010detn\u011b za\u0161kolen\u00ed obsluhy.<br \/>\nV p\u0159\u00edpad\u011b z\u00e1jmu zajist\u00edme pr\u016fb\u011b\u017en\u00e9 dopln\u011bn\u00ed paliva dle pot\u0159eby,\u00a0nebo trvalou obsluhu, kter\u00e1 se o v\u0161e postar\u00e1.<\/p>\n<p>\n\n      <\/div>\n      \n    <\/div>\n\n    <span class=\"section-trailer__image\" style=\"background-image:url(https\\:\\\/\\\/www\\.ibg\\.cz\\\/wp-content\\\/uploads\\\/2023\\\/03\\\/2\\.jpg);\">\n      \n    <\/span>\n\n  <\/div>\n\n<\/section>\n<section class=\"section-trailer section-trailer--align-default\">\n\n  <div class=\"section-trailer__inset\">\n\n    <div class=\"section-trailer__content\">\n\n      <h2 class=\"section-trailer__title\">\n        P\u0159\u00edslu\u0161enstv\u00ed<br \/>\nk dieselgener\u00e1toru\n      <\/h2>\n\n      <div class=\"section-trailer__format\">\n        <\/p>\n<p>K dieselgener\u00e1toru v\u00e1m r\u00e1di pronajmeme i ve\u0161ker\u00e9 p\u0159\u00edslu\u0161enstv\u00ed pot\u0159ebn\u00e9 pro provoz.<\/p>\n<p>\n\n      <\/div>\n      \n    <\/div>\n\n    <span class=\"section-trailer__image\" style=\"background-image:url(https\\:\\\/\\\/www\\.ibg\\.cz\\\/wp-content\\\/uploads\\\/2023\\\/03\\\/3\\.jpg);\">\n      \n    <\/span>\n\n  <\/div>\n\n<\/section>\n<section class=\"section-trailer section-trailer--align-right\">\n\n  <div class=\"section-trailer__inset\">\n\n    <div class=\"section-trailer__content\">\n\n      <h2 class=\"section-trailer__title\">\n        Parametry na\u0161ich dieselgener\u00e1tor\u016f\n      <\/h2>\n\n      <div class=\"section-trailer__format\">\n        <\/p>\n<p>Nab\u00edz\u00edme dieselgener\u00e1tory v rozsahu<br \/>\nod 50 kVA do 1000 kVA.<\/p>\n<p>\n\n      <\/div>\n      \n    <\/div>\n\n    <span class=\"section-trailer__image\" style=\"background-image:url(https\\:\\\/\\\/www\\.ibg\\.cz\\\/wp-content\\\/uploads\\\/2023\\\/03\\\/4\\.jpg);\">\n      \n    <\/span>\n\n  <\/div>\n\n<\/section>\n","protected":false},"excerpt":{"rendered":"<p>Nab\u00edz\u00edme dlouhodob\u00fd i kr\u00e1tkodob\u00fd pron\u00e1jem dieselgener\u00e1tor\u016f jako n\u00e1hradn\u00ed zdroj energie.<br \/>\nGarantujeme vysokou spolehlivost, kvalitu a technickou podporu.<\/p>\n","protected":false},"author":3,"featured_media":961,"parent":0,"menu_order":9,"comment_status":"closed","ping_status":"closed","template":"rental.php","meta":{"footnotes":""},"class_list":["post-1265","page","type-page","status-publish","has-post-thumbnail","hentry"],"_links":{"self":[{"href":"https:\/\/www.ibg.cz\/en\/wp-json\/wp\/v2\/pages\/1265","targetHints":{"allow":["GET"]}}],"collection":[{"href":"https:\/\/www.ibg.cz\/en\/wp-json\/wp\/v2\/pages"}],"about":[{"href":"https:\/\/www.ibg.cz\/en\/wp-json\/wp\/v2\/types\/page"}],"author":[{"embeddable":true,"href":"https:\/\/www.ibg.cz\/en\/wp-json\/wp\/v2\/users\/3"}],"replies":[{"embeddable":true,"href":"https:\/\/www.ibg.cz\/en\/wp-json\/wp\/v2\/comments?post=1265"}],"version-history":[{"count":0,"href":"https:\/\/www.ibg.cz\/en\/wp-json\/wp\/v2\/pages\/1265\/revisions"}],"wp:featuredmedia":[{"embeddable":true,"href":"https:\/\/www.ibg.cz\/en\/wp-json\/wp\/v2\/media\/961"}],"wp:attachment":[{"href":"https:\/\/www.ibg.cz\/en\/wp-json\/wp\/v2\/media?parent=1265"}],"curies":[{"name":"wp","href":"https:\/\/api.w.org\/{rel}","templated":true}]}}