{"id":510,"date":"2019-12-20T21:34:21","date_gmt":"2019-12-20T20:34:21","guid":{"rendered":"https:\/\/www.ibg.cz\/?page_id=510"},"modified":"2019-12-20T21:36:15","modified_gmt":"2019-12-20T20:36:15","slug":"25-eve-a-piacon","status":"publish","type":"page","link":"https:\/\/www.ibg.cz\/hu\/rolunk\/25-eve-a-piacon","title":{"rendered":"25+  \u00e9ve a piacon"},"content":{"rendered":"","protected":false},"excerpt":{"rendered":"<p>C\u00e9g\u00fcnk \u00e1tfog\u00f3 energetikai megold\u00e1sokat k\u00edn\u00e1l\u00f3 technol\u00f3giai t\u00e1rsas\u00e1g.<\/p>\n","protected":false},"author":2,"featured_media":0,"parent":508,"menu_order":81,"comment_status":"closed","ping_status":"closed","template":"","meta":{"footnotes":""},"class_list":["post-510","page","type-page","status-publish","hentry"],"_links":{"self":[{"href":"https:\/\/www.ibg.cz\/hu\/wp-json\/wp\/v2\/pages\/510","targetHints":{"allow":["GET"]}}],"collection":[{"href":"https:\/\/www.ibg.cz\/hu\/wp-json\/wp\/v2\/pages"}],"about":[{"href":"https:\/\/www.ibg.cz\/hu\/wp-json\/wp\/v2\/types\/page"}],"author":[{"embeddable":true,"href":"https:\/\/www.ibg.cz\/hu\/wp-json\/wp\/v2\/users\/2"}],"replies":[{"embeddable":true,"href":"https:\/\/www.ibg.cz\/hu\/wp-json\/wp\/v2\/comments?post=510"}],"version-history":[{"count":0,"href":"https:\/\/www.ibg.cz\/hu\/wp-json\/wp\/v2\/pages\/510\/revisions"}],"up":[{"embeddable":true,"href":"https:\/\/www.ibg.cz\/hu\/wp-json\/wp\/v2\/pages\/508"}],"wp:attachment":[{"href":"https:\/\/www.ibg.cz\/hu\/wp-json\/wp\/v2\/media?parent=510"}],"curies":[{"name":"wp","href":"https:\/\/api.w.org\/{rel}","templated":true}]}}