{"id":511,"date":"2019-12-20T21:35:38","date_gmt":"2019-12-20T20:35:38","guid":{"rendered":"https:\/\/www.ibg.cz\/?page_id=511"},"modified":"2019-12-20T21:36:02","modified_gmt":"2019-12-20T20:36:02","slug":"3-piacon","status":"publish","type":"page","link":"https:\/\/www.ibg.cz\/hu\/rolunk\/3-piacon","title":{"rendered":"3  piacon"},"content":{"rendered":"","protected":false},"excerpt":{"rendered":"<p>Csehorsz\u00e1gban, Szlov\u00e1ki\u00e1ban \u00e9s Magyarorsz\u00e1gon vagyunk jelen.<\/p>\n","protected":false},"author":2,"featured_media":0,"parent":508,"menu_order":86,"comment_status":"closed","ping_status":"closed","template":"","meta":{"footnotes":""},"class_list":["post-511","page","type-page","status-publish","hentry"],"_links":{"self":[{"href":"https:\/\/www.ibg.cz\/hu\/wp-json\/wp\/v2\/pages\/511","targetHints":{"allow":["GET"]}}],"collection":[{"href":"https:\/\/www.ibg.cz\/hu\/wp-json\/wp\/v2\/pages"}],"about":[{"href":"https:\/\/www.ibg.cz\/hu\/wp-json\/wp\/v2\/types\/page"}],"author":[{"embeddable":true,"href":"https:\/\/www.ibg.cz\/hu\/wp-json\/wp\/v2\/users\/2"}],"replies":[{"embeddable":true,"href":"https:\/\/www.ibg.cz\/hu\/wp-json\/wp\/v2\/comments?post=511"}],"version-history":[{"count":0,"href":"https:\/\/www.ibg.cz\/hu\/wp-json\/wp\/v2\/pages\/511\/revisions"}],"up":[{"embeddable":true,"href":"https:\/\/www.ibg.cz\/hu\/wp-json\/wp\/v2\/pages\/508"}],"wp:attachment":[{"href":"https:\/\/www.ibg.cz\/hu\/wp-json\/wp\/v2\/media?parent=511"}],"curies":[{"name":"wp","href":"https:\/\/api.w.org\/{rel}","templated":true}]}}