{"id":513,"date":"2019-12-20T21:37:40","date_gmt":"2019-12-20T20:37:40","guid":{"rendered":"https:\/\/www.ibg.cz\/?page_id=513"},"modified":"2019-12-20T21:37:40","modified_gmt":"2019-12-20T20:37:40","slug":"150-szakember","status":"publish","type":"page","link":"https:\/\/www.ibg.cz\/hu\/rolunk\/150-szakember","title":{"rendered":"150+  szakember"},"content":{"rendered":"","protected":false},"excerpt":{"rendered":"<p>J\u00f3l \u00f6sszeszokott csapat, \u00e1tfog\u00f3 energetikai megold\u00e1sok rendszerintegr\u00e1tora vagyunk.<\/p>\n","protected":false},"author":2,"featured_media":0,"parent":508,"menu_order":96,"comment_status":"closed","ping_status":"closed","template":"","meta":{"footnotes":""},"class_list":["post-513","page","type-page","status-publish","hentry"],"_links":{"self":[{"href":"https:\/\/www.ibg.cz\/hu\/wp-json\/wp\/v2\/pages\/513","targetHints":{"allow":["GET"]}}],"collection":[{"href":"https:\/\/www.ibg.cz\/hu\/wp-json\/wp\/v2\/pages"}],"about":[{"href":"https:\/\/www.ibg.cz\/hu\/wp-json\/wp\/v2\/types\/page"}],"author":[{"embeddable":true,"href":"https:\/\/www.ibg.cz\/hu\/wp-json\/wp\/v2\/users\/2"}],"replies":[{"embeddable":true,"href":"https:\/\/www.ibg.cz\/hu\/wp-json\/wp\/v2\/comments?post=513"}],"version-history":[{"count":0,"href":"https:\/\/www.ibg.cz\/hu\/wp-json\/wp\/v2\/pages\/513\/revisions"}],"up":[{"embeddable":true,"href":"https:\/\/www.ibg.cz\/hu\/wp-json\/wp\/v2\/pages\/508"}],"wp:attachment":[{"href":"https:\/\/www.ibg.cz\/hu\/wp-json\/wp\/v2\/media?parent=513"}],"curies":[{"name":"wp","href":"https:\/\/api.w.org\/{rel}","templated":true}]}}