{"id":515,"date":"2019-12-20T21:42:27","date_gmt":"2019-12-20T20:42:27","guid":{"rendered":"https:\/\/www.ibg.cz\/?page_id=515"},"modified":"2019-12-20T21:42:27","modified_gmt":"2019-12-20T20:42:27","slug":"decentralizalt-energiatermeles","status":"publish","type":"page","link":"https:\/\/www.ibg.cz\/hu\/ibg-megoldasok\/decentralizalt-energiatermeles","title":{"rendered":"Decentraliz\u00e1lt energiatermel\u00e9s"},"content":{"rendered":"","protected":false},"excerpt":{"rendered":"<p>A fotovoltaikus \u00e9s a kapcsolt energiatermel\u00e9snek k\u00f6sz\u00f6nhet\u0151en nemcsak az energetikai egyens\u00faly jav\u00edt\u00e1s\u00e1t seg\u00edtj\u00fck, hanem cs\u00f6kkenthetj\u00fck az eloszt\u00f3rendszert\u0151l val\u00f3 energiaf\u00fcgg\u0151s\u00e9get is, valamint energia k\u00f6lts\u00e9geit is. \u00c1tfog\u00f3 rendszerek elemz\u00e9s\u00e9t, tervez\u00e9s\u00e9t \u00e9s lesz\u00e1ll\u00edt\u00e1s\u00e1t biztos\u00edtjuk, bele\u00e9rtve az \u00d6n\u00f6k ig\u00e9nyeinek kiel\u00e9g\u00edt\u00e9s\u00e9re szolg\u00e1l\u00f3 ut\u00f3lagos karbantart\u00e1st is. <\/p>\n","protected":false},"author":2,"featured_media":288,"parent":514,"menu_order":39,"comment_status":"closed","ping_status":"closed","template":"","meta":{"footnotes":""},"class_list":["post-515","page","type-page","status-publish","has-post-thumbnail","hentry"],"_links":{"self":[{"href":"https:\/\/www.ibg.cz\/hu\/wp-json\/wp\/v2\/pages\/515","targetHints":{"allow":["GET"]}}],"collection":[{"href":"https:\/\/www.ibg.cz\/hu\/wp-json\/wp\/v2\/pages"}],"about":[{"href":"https:\/\/www.ibg.cz\/hu\/wp-json\/wp\/v2\/types\/page"}],"author":[{"embeddable":true,"href":"https:\/\/www.ibg.cz\/hu\/wp-json\/wp\/v2\/users\/2"}],"replies":[{"embeddable":true,"href":"https:\/\/www.ibg.cz\/hu\/wp-json\/wp\/v2\/comments?post=515"}],"version-history":[{"count":0,"href":"https:\/\/www.ibg.cz\/hu\/wp-json\/wp\/v2\/pages\/515\/revisions"}],"up":[{"embeddable":true,"href":"https:\/\/www.ibg.cz\/hu\/wp-json\/wp\/v2\/pages\/514"}],"wp:featuredmedia":[{"embeddable":true,"href":"https:\/\/www.ibg.cz\/hu\/wp-json\/wp\/v2\/media\/288"}],"wp:attachment":[{"href":"https:\/\/www.ibg.cz\/hu\/wp-json\/wp\/v2\/media?parent=515"}],"curies":[{"name":"wp","href":"https:\/\/api.w.org\/{rel}","templated":true}]}}