{"id":516,"date":"2019-12-20T21:42:59","date_gmt":"2019-12-20T20:42:59","guid":{"rendered":"https:\/\/www.ibg.cz\/?page_id=516"},"modified":"2019-12-20T21:42:59","modified_gmt":"2019-12-20T20:42:59","slug":"energiatarolas","status":"publish","type":"page","link":"https:\/\/www.ibg.cz\/hu\/ibg-megoldasok\/energiatarolas","title":{"rendered":"Energiat\u00e1rol\u00e1s"},"content":{"rendered":"","protected":false},"excerpt":{"rendered":"<p>Az elektromos energia optim\u00e1lis felhaszn\u00e1l\u00e1sa \u00e9rdek\u00e9ben akkumul\u00e1tort\u00e1rol\u00f3kat vagy ultrakondenz\u00e1torokat tervez\u00fcnk \u00e9s kivitelez\u00fck. A t\u00e1rolt energia felhaszn\u00e1lhat\u00f3 teljes\u00edtm\u00e9nycs\u00facsok fedez\u00e9s\u00e9re, h\u00e1l\u00f3zat-stabiliz\u00e1l\u00e1sra, medd\u0151 teljes\u00edtm\u00e9ny kompenz\u00e1l\u00e1s\u00e1ra, frekvenciaszab\u00e1lyoz\u00e1sra vagy a kereskedelmi elt\u00e9r\u00e9s szab\u00e1lyoz\u00e1s\u00e1ra.<\/p>\n","protected":false},"author":2,"featured_media":300,"parent":514,"menu_order":42,"comment_status":"closed","ping_status":"closed","template":"","meta":{"footnotes":""},"class_list":["post-516","page","type-page","status-publish","has-post-thumbnail","hentry"],"_links":{"self":[{"href":"https:\/\/www.ibg.cz\/hu\/wp-json\/wp\/v2\/pages\/516","targetHints":{"allow":["GET"]}}],"collection":[{"href":"https:\/\/www.ibg.cz\/hu\/wp-json\/wp\/v2\/pages"}],"about":[{"href":"https:\/\/www.ibg.cz\/hu\/wp-json\/wp\/v2\/types\/page"}],"author":[{"embeddable":true,"href":"https:\/\/www.ibg.cz\/hu\/wp-json\/wp\/v2\/users\/2"}],"replies":[{"embeddable":true,"href":"https:\/\/www.ibg.cz\/hu\/wp-json\/wp\/v2\/comments?post=516"}],"version-history":[{"count":0,"href":"https:\/\/www.ibg.cz\/hu\/wp-json\/wp\/v2\/pages\/516\/revisions"}],"up":[{"embeddable":true,"href":"https:\/\/www.ibg.cz\/hu\/wp-json\/wp\/v2\/pages\/514"}],"wp:featuredmedia":[{"embeddable":true,"href":"https:\/\/www.ibg.cz\/hu\/wp-json\/wp\/v2\/media\/300"}],"wp:attachment":[{"href":"https:\/\/www.ibg.cz\/hu\/wp-json\/wp\/v2\/media?parent=516"}],"curies":[{"name":"wp","href":"https:\/\/api.w.org\/{rel}","templated":true}]}}