{"id":517,"date":"2019-12-20T21:44:42","date_gmt":"2019-12-20T20:44:42","guid":{"rendered":"https:\/\/www.ibg.cz\/?page_id=517"},"modified":"2019-12-20T21:44:42","modified_gmt":"2019-12-20T20:44:42","slug":"biztonsagi-tapforrasok","status":"publish","type":"page","link":"https:\/\/www.ibg.cz\/hu\/ibg-megoldasok\/biztonsagi-tapforrasok","title":{"rendered":"Biztons\u00e1gi t\u00e1pforr\u00e1sok"},"content":{"rendered":"","protected":false},"excerpt":{"rendered":"<p>Sz\u00fcnetmentes m\u0171k\u00f6d\u00e9st ig\u00e9nyl\u0151 technol\u00f3gi\u00e1khoz \u00e1tfog\u00f3 biztons\u00e1gi \u00e1ramell\u00e1t\u00e1si megold\u00e1sokat k\u00e9sz\u00edt\u00fcnk &#8211; az UPS-t\u0151l eg\u00e9szen a motor-gener\u00e1torokig &#8211; amelyek hat\u00e9konyan kezelik \u00fagy a n\u00e9h\u00e1ny perces, mint a t\u00f6bb napos kies\u00e9seket. A sz\u00fcnetmentes t\u00e1pegys\u00e9gek v\u00e1llalkoz\u00e1suk biztos\u00edt\u00e9k\u00e1t jelentik.<\/p>\n","protected":false},"author":2,"featured_media":488,"parent":514,"menu_order":45,"comment_status":"closed","ping_status":"closed","template":"","meta":{"footnotes":""},"class_list":["post-517","page","type-page","status-publish","has-post-thumbnail","hentry"],"_links":{"self":[{"href":"https:\/\/www.ibg.cz\/hu\/wp-json\/wp\/v2\/pages\/517","targetHints":{"allow":["GET"]}}],"collection":[{"href":"https:\/\/www.ibg.cz\/hu\/wp-json\/wp\/v2\/pages"}],"about":[{"href":"https:\/\/www.ibg.cz\/hu\/wp-json\/wp\/v2\/types\/page"}],"author":[{"embeddable":true,"href":"https:\/\/www.ibg.cz\/hu\/wp-json\/wp\/v2\/users\/2"}],"replies":[{"embeddable":true,"href":"https:\/\/www.ibg.cz\/hu\/wp-json\/wp\/v2\/comments?post=517"}],"version-history":[{"count":0,"href":"https:\/\/www.ibg.cz\/hu\/wp-json\/wp\/v2\/pages\/517\/revisions"}],"up":[{"embeddable":true,"href":"https:\/\/www.ibg.cz\/hu\/wp-json\/wp\/v2\/pages\/514"}],"wp:featuredmedia":[{"embeddable":true,"href":"https:\/\/www.ibg.cz\/hu\/wp-json\/wp\/v2\/media\/488"}],"wp:attachment":[{"href":"https:\/\/www.ibg.cz\/hu\/wp-json\/wp\/v2\/media?parent=517"}],"curies":[{"name":"wp","href":"https:\/\/api.w.org\/{rel}","templated":true}]}}