{"id":520,"date":"2019-12-20T21:49:40","date_gmt":"2019-12-20T20:49:40","guid":{"rendered":"https:\/\/www.ibg.cz\/?page_id=520"},"modified":"2019-12-20T21:49:40","modified_gmt":"2019-12-20T20:49:40","slug":"kozlekedestechnikai-alkalmazasu-akkumulatorok","status":"publish","type":"page","link":"https:\/\/www.ibg.cz\/hu\/ibg-megoldasok\/kozlekedestechnikai-alkalmazasu-akkumulatorok","title":{"rendered":"K\u00f6zleked\u00e9stechnikai alkalmaz\u00e1s\u00fa akkumul\u00e1torok"},"content":{"rendered":"","protected":false},"excerpt":{"rendered":"<p>Beazonos\u00edtjuk a k\u00f6t\u00f6ttp\u00e1ly\u00e1s j\u00e1rm\u0171vek, illetve fixen r\u00f6gz\u00edtett vontat\u00f3 berendez\u00e9sek akkumul\u00e1torainak gazdas\u00e1gos m\u0171k\u00f6d\u00e9s\u00e9t el\u0151seg\u00edt\u0151 megold\u00e1sokat. A kiv\u00e1lasztott \u00fczemi tulajdons\u00e1gokat optimaliz\u00e1l\u00f3 technol\u00f3giai megold\u00e1sokat kivitelez\u00fcnk. Tov\u00e1bbi energiamegtakar\u00edt\u00e1st eredm\u00e9nyez az \u00d6n\u00f6k sz\u00e1m\u00e1ra az \u00e1ltalunk kifejlesztett j\u00e1rm\u0171- \u00e9s fed\u00e9lzeti-akkumul\u00e1tor m\u0171k\u00f6d\u0151k\u00e9pess\u00e9g megfigyel\u0151 online rendszer.<\/p>\n","protected":false},"author":2,"featured_media":297,"parent":514,"menu_order":59,"comment_status":"closed","ping_status":"closed","template":"","meta":{"footnotes":""},"class_list":["post-520","page","type-page","status-publish","has-post-thumbnail","hentry"],"_links":{"self":[{"href":"https:\/\/www.ibg.cz\/hu\/wp-json\/wp\/v2\/pages\/520","targetHints":{"allow":["GET"]}}],"collection":[{"href":"https:\/\/www.ibg.cz\/hu\/wp-json\/wp\/v2\/pages"}],"about":[{"href":"https:\/\/www.ibg.cz\/hu\/wp-json\/wp\/v2\/types\/page"}],"author":[{"embeddable":true,"href":"https:\/\/www.ibg.cz\/hu\/wp-json\/wp\/v2\/users\/2"}],"replies":[{"embeddable":true,"href":"https:\/\/www.ibg.cz\/hu\/wp-json\/wp\/v2\/comments?post=520"}],"version-history":[{"count":0,"href":"https:\/\/www.ibg.cz\/hu\/wp-json\/wp\/v2\/pages\/520\/revisions"}],"up":[{"embeddable":true,"href":"https:\/\/www.ibg.cz\/hu\/wp-json\/wp\/v2\/pages\/514"}],"wp:featuredmedia":[{"embeddable":true,"href":"https:\/\/www.ibg.cz\/hu\/wp-json\/wp\/v2\/media\/297"}],"wp:attachment":[{"href":"https:\/\/www.ibg.cz\/hu\/wp-json\/wp\/v2\/media?parent=520"}],"curies":[{"name":"wp","href":"https:\/\/api.w.org\/{rel}","templated":true}]}}