{"id":521,"date":"2019-12-20T21:50:13","date_gmt":"2019-12-20T20:50:13","guid":{"rendered":"https:\/\/www.ibg.cz\/?page_id=521"},"modified":"2019-12-20T21:50:13","modified_gmt":"2019-12-20T20:50:13","slug":"meghajto-akkumulator-rendszerek","status":"publish","type":"page","link":"https:\/\/www.ibg.cz\/hu\/ibg-megoldasok\/meghajto-akkumulator-rendszerek","title":{"rendered":"Meghajt\u00f3 akkumul\u00e1tor rendszerek"},"content":{"rendered":"","protected":false},"excerpt":{"rendered":"<p>A k\u00f6lts\u00e9ghat\u00e9kony technol\u00f3gi\u00e1kat is bele\u00e9rtve megtervezz\u00fck a m\u0171k\u00f6d\u00e9s\u00fckh\u00f6z optim\u00e1lis akkumul\u00e1tor-megold\u00e1sokat. Biztos\u00edtjuk a tervez\u00e9si, telep\u00edt\u00e9si \u00e9s szervizel\u00e9si munk\u00e1kat, saj\u00e1t online megold\u00e1st alkalmazunk az akkumul\u00e1tor-rendszer hat\u00e9konys\u00e1g\u00e1nak megfigyel\u00e9s\u00e9re.<\/p>\n","protected":false},"author":2,"featured_media":492,"parent":514,"menu_order":61,"comment_status":"closed","ping_status":"closed","template":"","meta":{"footnotes":""},"class_list":["post-521","page","type-page","status-publish","has-post-thumbnail","hentry"],"_links":{"self":[{"href":"https:\/\/www.ibg.cz\/hu\/wp-json\/wp\/v2\/pages\/521","targetHints":{"allow":["GET"]}}],"collection":[{"href":"https:\/\/www.ibg.cz\/hu\/wp-json\/wp\/v2\/pages"}],"about":[{"href":"https:\/\/www.ibg.cz\/hu\/wp-json\/wp\/v2\/types\/page"}],"author":[{"embeddable":true,"href":"https:\/\/www.ibg.cz\/hu\/wp-json\/wp\/v2\/users\/2"}],"replies":[{"embeddable":true,"href":"https:\/\/www.ibg.cz\/hu\/wp-json\/wp\/v2\/comments?post=521"}],"version-history":[{"count":0,"href":"https:\/\/www.ibg.cz\/hu\/wp-json\/wp\/v2\/pages\/521\/revisions"}],"up":[{"embeddable":true,"href":"https:\/\/www.ibg.cz\/hu\/wp-json\/wp\/v2\/pages\/514"}],"wp:featuredmedia":[{"embeddable":true,"href":"https:\/\/www.ibg.cz\/hu\/wp-json\/wp\/v2\/media\/492"}],"wp:attachment":[{"href":"https:\/\/www.ibg.cz\/hu\/wp-json\/wp\/v2\/media?parent=521"}],"curies":[{"name":"wp","href":"https:\/\/api.w.org\/{rel}","templated":true}]}}