{"id":526,"date":"2019-12-20T22:21:18","date_gmt":"2019-12-20T21:21:18","guid":{"rendered":"https:\/\/www.ibg.cz\/?page_id=526"},"modified":"2019-12-20T22:21:18","modified_gmt":"2019-12-20T21:21:18","slug":"tamogatas-es-finanszirozas","status":"publish","type":"page","link":"https:\/\/www.ibg.cz\/hu\/munkafolyamat\/tamogatas-es-finanszirozas","title":{"rendered":"T\u00e1mogat\u00e1s \u00e9s finansz\u00edroz\u00e1s"},"content":{"rendered":"","protected":false},"excerpt":{"rendered":"<p>Seg\u00edts\u00e9get ny\u00fajtunk a megfelel\u0151 p\u00e9nz\u00fcgyi t\u00e1mogat\u00e1s megszerz\u00e9s\u00e9hez vagy a teljes projekt kedvez\u0151 finansz\u00edroz\u00e1s\u00e1nak megszervez\u00e9s\u00e9hez.<\/p>\n","protected":false},"author":2,"featured_media":0,"parent":523,"menu_order":111,"comment_status":"closed","ping_status":"closed","template":"","meta":{"footnotes":""},"class_list":["post-526","page","type-page","status-publish","hentry"],"_links":{"self":[{"href":"https:\/\/www.ibg.cz\/hu\/wp-json\/wp\/v2\/pages\/526","targetHints":{"allow":["GET"]}}],"collection":[{"href":"https:\/\/www.ibg.cz\/hu\/wp-json\/wp\/v2\/pages"}],"about":[{"href":"https:\/\/www.ibg.cz\/hu\/wp-json\/wp\/v2\/types\/page"}],"author":[{"embeddable":true,"href":"https:\/\/www.ibg.cz\/hu\/wp-json\/wp\/v2\/users\/2"}],"replies":[{"embeddable":true,"href":"https:\/\/www.ibg.cz\/hu\/wp-json\/wp\/v2\/comments?post=526"}],"version-history":[{"count":0,"href":"https:\/\/www.ibg.cz\/hu\/wp-json\/wp\/v2\/pages\/526\/revisions"}],"up":[{"embeddable":true,"href":"https:\/\/www.ibg.cz\/hu\/wp-json\/wp\/v2\/pages\/523"}],"wp:attachment":[{"href":"https:\/\/www.ibg.cz\/hu\/wp-json\/wp\/v2\/media?parent=526"}],"curies":[{"name":"wp","href":"https:\/\/api.w.org\/{rel}","templated":true}]}}