{"id":534,"date":"2019-12-20T22:52:05","date_gmt":"2019-12-20T21:52:05","guid":{"rendered":"https:\/\/www.ibg.cz\/?page_id=534"},"modified":"2020-01-06T09:58:35","modified_gmt":"2020-01-06T08:58:35","slug":"cookies","status":"publish","type":"page","link":"https:\/\/www.ibg.cz\/hu\/cookies","title":{"rendered":"Cookies"},"content":{"rendered":"<!-- grid -->\n<div class=\"grid\">\n  <\/p>\n<div class=\"grid-col size-50 align-top\" id=\"grid-1\" >\n<p>Ez a weboldal s\u00fcti f\u00e1jlokat t\u00e1rol a sz\u00e1m\u00edt\u00f3g\u00e9p\u00e9n. S\u00fcti f\u00e1jlokat haszn\u00e1lunk, hogy eml\u00e9kezz\u00fcnk \u00d6nre, valamint a weboldalunk felhaszn\u00e1l\u00e1si m\u00f3dj\u00e1ra vonatkoz\u00f3 inform\u00e1ci\u00f3k archiv\u00e1l\u00e1s\u00e1hoz.<\/p>\n<p>Az \u00f6sszegy\u0171jt\u00f6tt inform\u00e1ci\u00f3kat weboldalunk tov\u00e1bbfejleszt\u00e9s\u00e9re haszn\u00e1ljuk, hogy \u00d6n a lehet\u0151 legk\u00e9nyelmesebben dolgozhasson vele, valamint hogy mind a jelen weboldalon, \u00fagy m\u00e1s m\u00e9di\u00e1kban elv\u00e9gezhess\u00fck a l\u00e1togat\u00e1sokkal kapcsolatos m\u00e9r\u00e9seket \u00e9s elemz\u00e9seket.<\/p>\n<\/div>\n<div class=\"grid-col size-50 align-top\" id=\"grid-1\" >\n<p>Az alkalmazott s\u00fcti f\u00e1jlokkal kapcsolatos tov\u00e1bbi r\u00e9szletek\u00e9rt, k\u00e9rj\u00fck, olvassa el adatv\u00e9delmi ir\u00e1nyelveinket.<\/p>\n<p>Amennyiben nem adja a hozz\u00e1j\u00e1rul\u00e1s\u00e1t, weboldalunk haszn\u00e1lata k\u00f6zben nem k\u00f6vetj\u00fck nyomon az \u00d6nre vonatkoz\u00f3 inform\u00e1ci\u00f3kat. Az \u00d6n b\u00f6ng\u00e9sz\u0151j\u00e9ben egyetlen s\u00fcti f\u00e1jl ker\u00fcl elment\u00e9sre, amely azt a kapcsol\u00f3d\u00f3 inform\u00e1ci\u00f3t tartalmazza, hogy az \u00d6n adatait nem szabad nyomon k\u00f6vetni.<\/p>\n<\/div>\n<p>\n\n<\/div>\n\n","protected":false},"excerpt":{"rendered":"","protected":false},"author":2,"featured_media":0,"parent":0,"menu_order":18,"comment_status":"closed","ping_status":"closed","template":"","meta":{"footnotes":""},"class_list":["post-534","page","type-page","status-publish","hentry"],"_links":{"self":[{"href":"https:\/\/www.ibg.cz\/hu\/wp-json\/wp\/v2\/pages\/534","targetHints":{"allow":["GET"]}}],"collection":[{"href":"https:\/\/www.ibg.cz\/hu\/wp-json\/wp\/v2\/pages"}],"about":[{"href":"https:\/\/www.ibg.cz\/hu\/wp-json\/wp\/v2\/types\/page"}],"author":[{"embeddable":true,"href":"https:\/\/www.ibg.cz\/hu\/wp-json\/wp\/v2\/users\/2"}],"replies":[{"embeddable":true,"href":"https:\/\/www.ibg.cz\/hu\/wp-json\/wp\/v2\/comments?post=534"}],"version-history":[{"count":0,"href":"https:\/\/www.ibg.cz\/hu\/wp-json\/wp\/v2\/pages\/534\/revisions"}],"wp:attachment":[{"href":"https:\/\/www.ibg.cz\/hu\/wp-json\/wp\/v2\/media?parent=534"}],"curies":[{"name":"wp","href":"https:\/\/api.w.org\/{rel}","templated":true}]}}