{"id":536,"date":"2019-12-20T22:58:10","date_gmt":"2019-12-20T21:58:10","guid":{"rendered":"https:\/\/www.ibg.cz\/?page_id=536"},"modified":"2025-09-16T13:37:42","modified_gmt":"2025-09-16T11:37:42","slug":"tanusitas","status":"publish","type":"page","link":"https:\/\/www.ibg.cz\/hu\/tanusitas","title":{"rendered":"Tan\u00fas\u00edt\u00e1s"},"content":{"rendered":"","protected":false},"excerpt":{"rendered":"","protected":false},"author":2,"featured_media":0,"parent":0,"menu_order":24,"comment_status":"closed","ping_status":"closed","template":"certificates.php","meta":{"footnotes":""},"class_list":["post-536","page","type-page","status-publish","hentry"],"_links":{"self":[{"href":"https:\/\/www.ibg.cz\/hu\/wp-json\/wp\/v2\/pages\/536","targetHints":{"allow":["GET"]}}],"collection":[{"href":"https:\/\/www.ibg.cz\/hu\/wp-json\/wp\/v2\/pages"}],"about":[{"href":"https:\/\/www.ibg.cz\/hu\/wp-json\/wp\/v2\/types\/page"}],"author":[{"embeddable":true,"href":"https:\/\/www.ibg.cz\/hu\/wp-json\/wp\/v2\/users\/2"}],"replies":[{"embeddable":true,"href":"https:\/\/www.ibg.cz\/hu\/wp-json\/wp\/v2\/comments?post=536"}],"version-history":[{"count":0,"href":"https:\/\/www.ibg.cz\/hu\/wp-json\/wp\/v2\/pages\/536\/revisions"}],"wp:attachment":[{"href":"https:\/\/www.ibg.cz\/hu\/wp-json\/wp\/v2\/media?parent=536"}],"curies":[{"name":"wp","href":"https:\/\/api.w.org\/{rel}","templated":true}]}}