{"id":550,"date":"2019-12-21T21:50:41","date_gmt":"2019-12-21T20:50:41","guid":{"rendered":"https:\/\/www.ibg.cz\/?page_id=550"},"modified":"2019-12-21T21:50:41","modified_gmt":"2019-12-21T20:50:41","slug":"decentralizovana-vyroba-energie","status":"publish","type":"page","link":"https:\/\/www.ibg.cz\/sk\/ibg-riesenie\/decentralizovana-vyroba-energie","title":{"rendered":"Decentralizovan\u00e1 v\u00fdroba energie"},"content":{"rendered":"","protected":false},"excerpt":{"rendered":"<p>V\u010faka fotovoltike a kogener\u00e1cii pom\u00f4\u017eeme vylep\u0161i\u0165 nielen energetick\u00fa bilanciu, ale tie\u017e zn\u00ed\u017ei\u0165 energetick\u00fa z\u00e1vislos\u0165 od distribu\u010dnej s\u00fastavy. Zanalyzujeme, navrhneme a dod\u00e1me kompletn\u00fd syst\u00e9m vr\u00e1tane n\u00e1slednej \u00fadr\u017eby pokr\u00fdvaj\u00faci va\u0161e potreby.<\/p>\n","protected":false},"author":2,"featured_media":289,"parent":549,"menu_order":40,"comment_status":"closed","ping_status":"closed","template":"","meta":{"footnotes":""},"class_list":["post-550","page","type-page","status-publish","has-post-thumbnail","hentry"],"_links":{"self":[{"href":"https:\/\/www.ibg.cz\/sk\/wp-json\/wp\/v2\/pages\/550","targetHints":{"allow":["GET"]}}],"collection":[{"href":"https:\/\/www.ibg.cz\/sk\/wp-json\/wp\/v2\/pages"}],"about":[{"href":"https:\/\/www.ibg.cz\/sk\/wp-json\/wp\/v2\/types\/page"}],"author":[{"embeddable":true,"href":"https:\/\/www.ibg.cz\/sk\/wp-json\/wp\/v2\/users\/2"}],"replies":[{"embeddable":true,"href":"https:\/\/www.ibg.cz\/sk\/wp-json\/wp\/v2\/comments?post=550"}],"version-history":[{"count":0,"href":"https:\/\/www.ibg.cz\/sk\/wp-json\/wp\/v2\/pages\/550\/revisions"}],"up":[{"embeddable":true,"href":"https:\/\/www.ibg.cz\/sk\/wp-json\/wp\/v2\/pages\/549"}],"wp:featuredmedia":[{"embeddable":true,"href":"https:\/\/www.ibg.cz\/sk\/wp-json\/wp\/v2\/media\/289"}],"wp:attachment":[{"href":"https:\/\/www.ibg.cz\/sk\/wp-json\/wp\/v2\/media?parent=550"}],"curies":[{"name":"wp","href":"https:\/\/api.w.org\/{rel}","templated":true}]}}