{"id":552,"date":"2019-12-21T21:51:37","date_gmt":"2019-12-21T20:51:37","guid":{"rendered":"https:\/\/www.ibg.cz\/?page_id=552"},"modified":"2019-12-21T21:51:37","modified_gmt":"2019-12-21T20:51:37","slug":"zalozne-napajanie","status":"publish","type":"page","link":"https:\/\/www.ibg.cz\/sk\/ibg-riesenie\/zalozne-napajanie","title":{"rendered":"Z\u00e1lo\u017en\u00e9 nap\u00e1janie"},"content":{"rendered":"","protected":false},"excerpt":{"rendered":"<p>Pre va\u0161e technol\u00f3gie vy\u017eaduj\u00face nepretr\u017eit\u00fa prev\u00e1dzku priprav\u00edme komplexn\u00e9 rie\u0161enie z\u00e1lo\u017en\u00e9ho nap\u00e1jania \u2013 od UPS a\u017e po motorgener\u00e1tory \u2013 rie\u0161iace min\u00fatov\u00e9, ale aj nieko\u013ekodenn\u00e9 v\u00fdpadky. Z\u00e1lo\u017en\u00e9 zdroje energie s\u00fa poistkou pre va\u0161e podnikanie.<\/p>\n","protected":false},"author":2,"featured_media":489,"parent":549,"menu_order":47,"comment_status":"closed","ping_status":"closed","template":"","meta":{"footnotes":""},"class_list":["post-552","page","type-page","status-publish","has-post-thumbnail","hentry"],"_links":{"self":[{"href":"https:\/\/www.ibg.cz\/sk\/wp-json\/wp\/v2\/pages\/552","targetHints":{"allow":["GET"]}}],"collection":[{"href":"https:\/\/www.ibg.cz\/sk\/wp-json\/wp\/v2\/pages"}],"about":[{"href":"https:\/\/www.ibg.cz\/sk\/wp-json\/wp\/v2\/types\/page"}],"author":[{"embeddable":true,"href":"https:\/\/www.ibg.cz\/sk\/wp-json\/wp\/v2\/users\/2"}],"replies":[{"embeddable":true,"href":"https:\/\/www.ibg.cz\/sk\/wp-json\/wp\/v2\/comments?post=552"}],"version-history":[{"count":0,"href":"https:\/\/www.ibg.cz\/sk\/wp-json\/wp\/v2\/pages\/552\/revisions"}],"up":[{"embeddable":true,"href":"https:\/\/www.ibg.cz\/sk\/wp-json\/wp\/v2\/pages\/549"}],"wp:featuredmedia":[{"embeddable":true,"href":"https:\/\/www.ibg.cz\/sk\/wp-json\/wp\/v2\/media\/489"}],"wp:attachment":[{"href":"https:\/\/www.ibg.cz\/sk\/wp-json\/wp\/v2\/media?parent=552"}],"curies":[{"name":"wp","href":"https:\/\/api.w.org\/{rel}","templated":true}]}}