{"id":553,"date":"2019-12-21T21:52:09","date_gmt":"2019-12-21T20:52:09","guid":{"rendered":"https:\/\/www.ibg.cz\/?page_id=553"},"modified":"2019-12-21T21:52:09","modified_gmt":"2019-12-21T20:52:09","slug":"non-it-infrastruktura-datovych-centier","status":"publish","type":"page","link":"https:\/\/www.ibg.cz\/sk\/ibg-riesenie\/non-it-infrastruktura-datovych-centier","title":{"rendered":"Non IT infra\u0161trukt\u00fara d\u00e1tov\u00fdch centier"},"content":{"rendered":"","protected":false},"excerpt":{"rendered":"<p>Pokia\u013e pripravujte stavbu alebo obnovu v\u00e1\u0161ho d\u00e1tov\u00e9ho centra, my v\u00e1m u\u017e vo f\u00e1ze projektu navrhneme optim\u00e1lne non-IT technologick\u00e9 rie\u0161enia a integrujeme v\u0161etky non-IT komponenty potrebn\u00e9 pre optim\u00e1lnu prev\u00e1dzku v\u00e1\u0161ho d\u00e1tov\u00e9ho centra.<\/p>\n","protected":false},"author":2,"featured_media":286,"parent":549,"menu_order":51,"comment_status":"closed","ping_status":"closed","template":"","meta":{"footnotes":""},"class_list":["post-553","page","type-page","status-publish","has-post-thumbnail","hentry"],"_links":{"self":[{"href":"https:\/\/www.ibg.cz\/sk\/wp-json\/wp\/v2\/pages\/553","targetHints":{"allow":["GET"]}}],"collection":[{"href":"https:\/\/www.ibg.cz\/sk\/wp-json\/wp\/v2\/pages"}],"about":[{"href":"https:\/\/www.ibg.cz\/sk\/wp-json\/wp\/v2\/types\/page"}],"author":[{"embeddable":true,"href":"https:\/\/www.ibg.cz\/sk\/wp-json\/wp\/v2\/users\/2"}],"replies":[{"embeddable":true,"href":"https:\/\/www.ibg.cz\/sk\/wp-json\/wp\/v2\/comments?post=553"}],"version-history":[{"count":0,"href":"https:\/\/www.ibg.cz\/sk\/wp-json\/wp\/v2\/pages\/553\/revisions"}],"up":[{"embeddable":true,"href":"https:\/\/www.ibg.cz\/sk\/wp-json\/wp\/v2\/pages\/549"}],"wp:featuredmedia":[{"embeddable":true,"href":"https:\/\/www.ibg.cz\/sk\/wp-json\/wp\/v2\/media\/286"}],"wp:attachment":[{"href":"https:\/\/www.ibg.cz\/sk\/wp-json\/wp\/v2\/media?parent=553"}],"curies":[{"name":"wp","href":"https:\/\/api.w.org\/{rel}","templated":true}]}}