{"id":554,"date":"2019-12-21T21:52:46","date_gmt":"2019-12-21T20:52:46","guid":{"rendered":"https:\/\/www.ibg.cz\/?page_id=554"},"modified":"2019-12-21T21:52:46","modified_gmt":"2019-12-21T20:52:46","slug":"dobijacia-infrastruktura-pro-elektromobilitu","status":"publish","type":"page","link":"https:\/\/www.ibg.cz\/sk\/ibg-riesenie\/dobijacia-infrastruktura-pro-elektromobilitu","title":{"rendered":"Dob\u00edjacia infra\u0161trukt\u00fara pro elektromobilitu"},"content":{"rendered":"","protected":false},"excerpt":{"rendered":"<p>Pl\u00e1nujete svoju flotilu automobilov obmeni\u0165 alebo doplni\u0165 aj t\u00fdmi na elektrick\u00fd pohon? S oh\u013eadom na s\u00fa\u010dasn\u00e9 energetick\u00e9 siete navrhneme, dod\u00e1me a nain\u0161talujeme dob\u00edjacie stanice s v\u00fdkonmi a\u017e 350 kW. V pr\u00edpade nedostato\u010dnej kapacity pr\u00edpojn\u00e9ho miesta pre v\u00e1s navrhneme optim\u00e1lne spojenie dob\u00edjacej stanice s bat\u00e9riov\u00fdm \u00falo\u017eiskom. <\/p>\n","protected":false},"author":2,"featured_media":295,"parent":549,"menu_order":53,"comment_status":"closed","ping_status":"closed","template":"","meta":{"footnotes":""},"class_list":["post-554","page","type-page","status-publish","has-post-thumbnail","hentry"],"_links":{"self":[{"href":"https:\/\/www.ibg.cz\/sk\/wp-json\/wp\/v2\/pages\/554","targetHints":{"allow":["GET"]}}],"collection":[{"href":"https:\/\/www.ibg.cz\/sk\/wp-json\/wp\/v2\/pages"}],"about":[{"href":"https:\/\/www.ibg.cz\/sk\/wp-json\/wp\/v2\/types\/page"}],"author":[{"embeddable":true,"href":"https:\/\/www.ibg.cz\/sk\/wp-json\/wp\/v2\/users\/2"}],"replies":[{"embeddable":true,"href":"https:\/\/www.ibg.cz\/sk\/wp-json\/wp\/v2\/comments?post=554"}],"version-history":[{"count":0,"href":"https:\/\/www.ibg.cz\/sk\/wp-json\/wp\/v2\/pages\/554\/revisions"}],"up":[{"embeddable":true,"href":"https:\/\/www.ibg.cz\/sk\/wp-json\/wp\/v2\/pages\/549"}],"wp:featuredmedia":[{"embeddable":true,"href":"https:\/\/www.ibg.cz\/sk\/wp-json\/wp\/v2\/media\/295"}],"wp:attachment":[{"href":"https:\/\/www.ibg.cz\/sk\/wp-json\/wp\/v2\/media?parent=554"}],"curies":[{"name":"wp","href":"https:\/\/api.w.org\/{rel}","templated":true}]}}