{"id":555,"date":"2019-12-21T21:53:32","date_gmt":"2019-12-21T20:53:32","guid":{"rendered":"https:\/\/www.ibg.cz\/?page_id=555"},"modified":"2019-12-21T21:53:32","modified_gmt":"2019-12-21T20:53:32","slug":"baterie-pre-dopravnu-techniku","status":"publish","type":"page","link":"https:\/\/www.ibg.cz\/sk\/ibg-riesenie\/baterie-pre-dopravnu-techniku","title":{"rendered":"Bat\u00e9rie pre dopravn\u00fa techniku"},"content":{"rendered":"","protected":false},"excerpt":{"rendered":"<p>Identifikujeme pr\u00edle\u017eitosti na zaistenie ekonomickej prev\u00e1dzky bat\u00e9ri\u00ed pre ko\u013eajov\u00e9 vozidl\u00e1 a pevn\u00e9 trak\u010dn\u00e9 zariadenia. Zrealizujeme pre v\u00e1s technologick\u00e9 rie\u0161enie, ktor\u00e9 zoptimalizuje vybran\u00e9 prev\u00e1dzkov\u00e9 vlastnosti. \u010eal\u0161ie \u00faspory energie v\u00e1m prinesie nami vyvinut\u00fd online monitoring prev\u00e1dzkyschopnosti vozov\u00fdch a palubn\u00fdch bat\u00e9ri\u00ed.<\/p>\n","protected":false},"author":2,"featured_media":298,"parent":549,"menu_order":58,"comment_status":"closed","ping_status":"closed","template":"","meta":{"footnotes":""},"class_list":["post-555","page","type-page","status-publish","has-post-thumbnail","hentry"],"_links":{"self":[{"href":"https:\/\/www.ibg.cz\/sk\/wp-json\/wp\/v2\/pages\/555","targetHints":{"allow":["GET"]}}],"collection":[{"href":"https:\/\/www.ibg.cz\/sk\/wp-json\/wp\/v2\/pages"}],"about":[{"href":"https:\/\/www.ibg.cz\/sk\/wp-json\/wp\/v2\/types\/page"}],"author":[{"embeddable":true,"href":"https:\/\/www.ibg.cz\/sk\/wp-json\/wp\/v2\/users\/2"}],"replies":[{"embeddable":true,"href":"https:\/\/www.ibg.cz\/sk\/wp-json\/wp\/v2\/comments?post=555"}],"version-history":[{"count":0,"href":"https:\/\/www.ibg.cz\/sk\/wp-json\/wp\/v2\/pages\/555\/revisions"}],"up":[{"embeddable":true,"href":"https:\/\/www.ibg.cz\/sk\/wp-json\/wp\/v2\/pages\/549"}],"wp:featuredmedia":[{"embeddable":true,"href":"https:\/\/www.ibg.cz\/sk\/wp-json\/wp\/v2\/media\/298"}],"wp:attachment":[{"href":"https:\/\/www.ibg.cz\/sk\/wp-json\/wp\/v2\/media?parent=555"}],"curies":[{"name":"wp","href":"https:\/\/api.w.org\/{rel}","templated":true}]}}