{"id":557,"date":"2019-12-21T21:56:38","date_gmt":"2019-12-21T20:56:38","guid":{"rendered":"https:\/\/www.ibg.cz\/?page_id=557"},"modified":"2019-12-21T21:58:03","modified_gmt":"2019-12-21T20:58:03","slug":"o-nas","status":"publish","type":"page","link":"https:\/\/www.ibg.cz\/sk\/o-nas","title":{"rendered":"O n\u00e1s"},"content":{"rendered":"<!-- grid -->\n<div class=\"grid\">\n  <\/p>\n<div class=\"grid-col size-50 align-top\" id=\"grid-1\" >\n<p>Sme technologick\u00e1 spolo\u010dnos\u0165 poskytuj\u00faca komplexn\u00e9 energetick\u00e9 rie\u0161enia v\u00a0oblastiach:<\/p>\n<ul>\n<li>decentralizovanej v\u00fdroby energie,<\/li>\n<li>ukladania energie,<\/li>\n<li>z\u00e1lo\u017en\u00e9ho nap\u00e1jania,<\/li>\n<li>non-IT infra\u0161trukt\u00fary d\u00e1tov\u00fdch centier,<\/li>\n<li>dob\u00edjacej infra\u0161trukt\u00fary pre elektromobilitu,<\/li>\n<li>trak\u010dn\u00fdch bat\u00e9riov\u00fdch syst\u00e9mov,<\/li>\n<li>bat\u00e9ri\u00ed pre dopravn\u00fa techniku.<\/li>\n<\/ul>\n<\/div>\n<div class=\"grid-col size-50 align-top\" id=\"grid-1\" >\n<p>Ku ka\u017ed\u00e9mu klientovi pristupujeme individu\u00e1lne. Zist\u00edme jeho potreby, navrhneme optim\u00e1lne rie\u0161enie, dod\u00e1me a uvedieme do prev\u00e1dzky. N\u00e1sledne zaist\u00edme z\u00e1ru\u010dn\u00fd aj poz\u00e1ru\u010dn\u00fd servis.<\/p>\n<\/div>\n<p>\n\n<\/div>\n\n<!-- elem -->\n<div class=\"separator\"><\/div>\n\n","protected":false},"excerpt":{"rendered":"","protected":false},"author":2,"featured_media":0,"parent":0,"menu_order":79,"comment_status":"closed","ping_status":"closed","template":"about.php","meta":{"footnotes":""},"class_list":["post-557","page","type-page","status-publish","hentry"],"_links":{"self":[{"href":"https:\/\/www.ibg.cz\/sk\/wp-json\/wp\/v2\/pages\/557","targetHints":{"allow":["GET"]}}],"collection":[{"href":"https:\/\/www.ibg.cz\/sk\/wp-json\/wp\/v2\/pages"}],"about":[{"href":"https:\/\/www.ibg.cz\/sk\/wp-json\/wp\/v2\/types\/page"}],"author":[{"embeddable":true,"href":"https:\/\/www.ibg.cz\/sk\/wp-json\/wp\/v2\/users\/2"}],"replies":[{"embeddable":true,"href":"https:\/\/www.ibg.cz\/sk\/wp-json\/wp\/v2\/comments?post=557"}],"version-history":[{"count":0,"href":"https:\/\/www.ibg.cz\/sk\/wp-json\/wp\/v2\/pages\/557\/revisions"}],"wp:attachment":[{"href":"https:\/\/www.ibg.cz\/sk\/wp-json\/wp\/v2\/media?parent=557"}],"curies":[{"name":"wp","href":"https:\/\/api.w.org\/{rel}","templated":true}]}}