{"id":559,"date":"2019-12-21T21:59:43","date_gmt":"2019-12-21T20:59:43","guid":{"rendered":"https:\/\/www.ibg.cz\/?page_id=559"},"modified":"2019-12-21T21:59:43","modified_gmt":"2019-12-21T20:59:43","slug":"3-trhy","status":"publish","type":"page","link":"https:\/\/www.ibg.cz\/sk\/o-nas\/3-trhy","title":{"rendered":"3  trhy"},"content":{"rendered":"","protected":false},"excerpt":{"rendered":"<p>Sme technologick\u00e1 spolo\u010dnos\u0165 poskytuj\u00faca komplexn\u00e9 energetick\u00e9 rie\u0161enia.<\/p>\n","protected":false},"author":2,"featured_media":0,"parent":557,"menu_order":88,"comment_status":"closed","ping_status":"closed","template":"","meta":{"footnotes":""},"class_list":["post-559","page","type-page","status-publish","hentry"],"_links":{"self":[{"href":"https:\/\/www.ibg.cz\/sk\/wp-json\/wp\/v2\/pages\/559","targetHints":{"allow":["GET"]}}],"collection":[{"href":"https:\/\/www.ibg.cz\/sk\/wp-json\/wp\/v2\/pages"}],"about":[{"href":"https:\/\/www.ibg.cz\/sk\/wp-json\/wp\/v2\/types\/page"}],"author":[{"embeddable":true,"href":"https:\/\/www.ibg.cz\/sk\/wp-json\/wp\/v2\/users\/2"}],"replies":[{"embeddable":true,"href":"https:\/\/www.ibg.cz\/sk\/wp-json\/wp\/v2\/comments?post=559"}],"version-history":[{"count":0,"href":"https:\/\/www.ibg.cz\/sk\/wp-json\/wp\/v2\/pages\/559\/revisions"}],"up":[{"embeddable":true,"href":"https:\/\/www.ibg.cz\/sk\/wp-json\/wp\/v2\/pages\/557"}],"wp:attachment":[{"href":"https:\/\/www.ibg.cz\/sk\/wp-json\/wp\/v2\/media?parent=559"}],"curies":[{"name":"wp","href":"https:\/\/api.w.org\/{rel}","templated":true}]}}