{"id":560,"date":"2019-12-21T22:00:32","date_gmt":"2019-12-21T21:00:32","guid":{"rendered":"https:\/\/www.ibg.cz\/?page_id=560"},"modified":"2019-12-21T22:00:32","modified_gmt":"2019-12-21T21:00:32","slug":"900-mil-kc-obrat","status":"publish","type":"page","link":"https:\/\/www.ibg.cz\/sk\/o-nas\/900-mil-kc-obrat","title":{"rendered":"900+  mil. K\u010d obrat"},"content":{"rendered":"","protected":false},"excerpt":{"rendered":"<p>Rastieme stabilne, spolu s n\u00e1rastom po\u010dtu a objemu kontraktov rast\u00fa aj na\u0161e obraty.<\/p>\n","protected":false},"author":2,"featured_media":0,"parent":557,"menu_order":89,"comment_status":"closed","ping_status":"closed","template":"","meta":{"footnotes":""},"class_list":["post-560","page","type-page","status-publish","hentry"],"_links":{"self":[{"href":"https:\/\/www.ibg.cz\/sk\/wp-json\/wp\/v2\/pages\/560","targetHints":{"allow":["GET"]}}],"collection":[{"href":"https:\/\/www.ibg.cz\/sk\/wp-json\/wp\/v2\/pages"}],"about":[{"href":"https:\/\/www.ibg.cz\/sk\/wp-json\/wp\/v2\/types\/page"}],"author":[{"embeddable":true,"href":"https:\/\/www.ibg.cz\/sk\/wp-json\/wp\/v2\/users\/2"}],"replies":[{"embeddable":true,"href":"https:\/\/www.ibg.cz\/sk\/wp-json\/wp\/v2\/comments?post=560"}],"version-history":[{"count":0,"href":"https:\/\/www.ibg.cz\/sk\/wp-json\/wp\/v2\/pages\/560\/revisions"}],"up":[{"embeddable":true,"href":"https:\/\/www.ibg.cz\/sk\/wp-json\/wp\/v2\/pages\/557"}],"wp:attachment":[{"href":"https:\/\/www.ibg.cz\/sk\/wp-json\/wp\/v2\/media?parent=560"}],"curies":[{"name":"wp","href":"https:\/\/api.w.org\/{rel}","templated":true}]}}