{"id":565,"date":"2019-12-21T22:05:54","date_gmt":"2019-12-21T21:05:54","guid":{"rendered":"https:\/\/www.ibg.cz\/?page_id=565"},"modified":"2019-12-21T22:05:54","modified_gmt":"2019-12-21T21:05:54","slug":"dotacie-a-financovanie","status":"publish","type":"page","link":"https:\/\/www.ibg.cz\/sk\/postup-prace\/dotacie-a-financovanie","title":{"rendered":"Dot\u00e1cie a financovanie"},"content":{"rendered":"","protected":false},"excerpt":{"rendered":"<p>Zaist\u00edme podporu pri z\u00edskan\u00ed vhodnej dot\u00e1cie alebo pre vybavenie v\u00fdhodn\u00e9ho financovania cel\u00e9ho projektu.<\/p>\n","protected":false},"author":2,"featured_media":0,"parent":562,"menu_order":112,"comment_status":"closed","ping_status":"closed","template":"","meta":{"footnotes":""},"class_list":["post-565","page","type-page","status-publish","hentry"],"_links":{"self":[{"href":"https:\/\/www.ibg.cz\/sk\/wp-json\/wp\/v2\/pages\/565","targetHints":{"allow":["GET"]}}],"collection":[{"href":"https:\/\/www.ibg.cz\/sk\/wp-json\/wp\/v2\/pages"}],"about":[{"href":"https:\/\/www.ibg.cz\/sk\/wp-json\/wp\/v2\/types\/page"}],"author":[{"embeddable":true,"href":"https:\/\/www.ibg.cz\/sk\/wp-json\/wp\/v2\/users\/2"}],"replies":[{"embeddable":true,"href":"https:\/\/www.ibg.cz\/sk\/wp-json\/wp\/v2\/comments?post=565"}],"version-history":[{"count":0,"href":"https:\/\/www.ibg.cz\/sk\/wp-json\/wp\/v2\/pages\/565\/revisions"}],"up":[{"embeddable":true,"href":"https:\/\/www.ibg.cz\/sk\/wp-json\/wp\/v2\/pages\/562"}],"wp:attachment":[{"href":"https:\/\/www.ibg.cz\/sk\/wp-json\/wp\/v2\/media?parent=565"}],"curies":[{"name":"wp","href":"https:\/\/api.w.org\/{rel}","templated":true}]}}