{"id":566,"date":"2019-12-21T22:06:10","date_gmt":"2019-12-21T21:06:10","guid":{"rendered":"https:\/\/www.ibg.cz\/?page_id=566"},"modified":"2019-12-21T22:06:10","modified_gmt":"2019-12-21T21:06:10","slug":"realizacia","status":"publish","type":"page","link":"https:\/\/www.ibg.cz\/sk\/postup-prace\/realizacia","title":{"rendered":"Realiz\u00e1cia"},"content":{"rendered":"","protected":false},"excerpt":{"rendered":"<p>Zaist\u00edme dod\u00e1vku technol\u00f3gi\u00ed a ich odborn\u00fa in\u0161tal\u00e1ciu. Cel\u00fd syst\u00e9m odsk\u00fa\u0161ame a uvedieme do be\u017enej prev\u00e1dzky. Za\u0161kol\u00edme person\u00e1l obsluhy.<\/p>\n","protected":false},"author":2,"featured_media":0,"parent":562,"menu_order":116,"comment_status":"closed","ping_status":"closed","template":"","meta":{"footnotes":""},"class_list":["post-566","page","type-page","status-publish","hentry"],"_links":{"self":[{"href":"https:\/\/www.ibg.cz\/sk\/wp-json\/wp\/v2\/pages\/566","targetHints":{"allow":["GET"]}}],"collection":[{"href":"https:\/\/www.ibg.cz\/sk\/wp-json\/wp\/v2\/pages"}],"about":[{"href":"https:\/\/www.ibg.cz\/sk\/wp-json\/wp\/v2\/types\/page"}],"author":[{"embeddable":true,"href":"https:\/\/www.ibg.cz\/sk\/wp-json\/wp\/v2\/users\/2"}],"replies":[{"embeddable":true,"href":"https:\/\/www.ibg.cz\/sk\/wp-json\/wp\/v2\/comments?post=566"}],"version-history":[{"count":0,"href":"https:\/\/www.ibg.cz\/sk\/wp-json\/wp\/v2\/pages\/566\/revisions"}],"up":[{"embeddable":true,"href":"https:\/\/www.ibg.cz\/sk\/wp-json\/wp\/v2\/pages\/562"}],"wp:attachment":[{"href":"https:\/\/www.ibg.cz\/sk\/wp-json\/wp\/v2\/media?parent=566"}],"curies":[{"name":"wp","href":"https:\/\/api.w.org\/{rel}","templated":true}]}}