{"id":572,"date":"2019-12-22T12:18:36","date_gmt":"2019-12-22T11:18:36","guid":{"rendered":"https:\/\/www.ibg.cz\/?page_id=572"},"modified":"2020-01-06T09:58:52","modified_gmt":"2020-01-06T08:58:52","slug":"cookies","status":"publish","type":"page","link":"https:\/\/www.ibg.cz\/sk\/cookies","title":{"rendered":"Cookies"},"content":{"rendered":"<!-- grid -->\n<div class=\"grid\">\n  <\/p>\n<div class=\"grid-col size-50 align-top\" id=\"grid-1\" >\n<p>Tieto webov\u00e9 str\u00e1nky do v\u00e1\u0161ho po\u010d\u00edta\u010da ukladaj\u00fa s\u00fabory cookie. S\u00fabory cookie pou\u017e\u00edvame, aby sme si v\u00e1s pam\u00e4tali, a\u00a0tie\u017e na zhroma\u017e\u010fovanie inform\u00e1ci\u00ed o tom, ak\u00fdm sp\u00f4sobom vyu\u017e\u00edvate na\u0161e webov\u00e9 str\u00e1nky.<\/p>\n<p>Z\u00edskan\u00e9 inform\u00e1cie pou\u017e\u00edvame s\u00a0cie\u013eom vylep\u0161ovania webov\u00fdch str\u00e1nok, aby sa v\u00e1m s\u00a0nimi pracovalo \u010do najlep\u0161ie, a\u00a0s\u00a0cie\u013eom spracovania anal\u00fdz a metr\u00edk t\u00fdkaj\u00facich sa na\u0161ich n\u00e1v\u0161tevn\u00edkov tak na t\u00fdchto webov\u00fdch str\u00e1nkach, ako aj v in\u00fdch m\u00e9di\u00e1ch.<\/p>\n<\/div>\n<div class=\"grid-col size-50 align-top\" id=\"grid-1\" >\n<p>Podrobnej\u0161ie inform\u00e1cie o pou\u017e\u00edvan\u00fdch s\u00faboroch cookie n\u00e1jdete v na\u0161ich z\u00e1sad\u00e1ch ochrany osobn\u00fdch \u00fadajov.<\/p>\n<p>Pokia\u013e to odmietnete, po\u010das va\u0161ej pr\u00e1ce s t\u00fdmito webov\u00fdmi str\u00e1nkami nebudeme sledova\u0165 inform\u00e1cie o v\u00e1s. Vo va\u0161om prehliada\u010di sa pou\u017eije jedin\u00fd s\u00fabor cookie, prostredn\u00edctvom ktor\u00e9ho sa ulo\u017e\u00ed inform\u00e1cia, \u017ee sa va\u0161e inform\u00e1cie nemaj\u00fa sledova\u0165.<\/p>\n<\/div>\n<p>\n\n<\/div>\n\n","protected":false},"excerpt":{"rendered":"","protected":false},"author":2,"featured_media":0,"parent":0,"menu_order":19,"comment_status":"closed","ping_status":"closed","template":"","meta":{"footnotes":""},"class_list":["post-572","page","type-page","status-publish","hentry"],"_links":{"self":[{"href":"https:\/\/www.ibg.cz\/sk\/wp-json\/wp\/v2\/pages\/572","targetHints":{"allow":["GET"]}}],"collection":[{"href":"https:\/\/www.ibg.cz\/sk\/wp-json\/wp\/v2\/pages"}],"about":[{"href":"https:\/\/www.ibg.cz\/sk\/wp-json\/wp\/v2\/types\/page"}],"author":[{"embeddable":true,"href":"https:\/\/www.ibg.cz\/sk\/wp-json\/wp\/v2\/users\/2"}],"replies":[{"embeddable":true,"href":"https:\/\/www.ibg.cz\/sk\/wp-json\/wp\/v2\/comments?post=572"}],"version-history":[{"count":0,"href":"https:\/\/www.ibg.cz\/sk\/wp-json\/wp\/v2\/pages\/572\/revisions"}],"wp:attachment":[{"href":"https:\/\/www.ibg.cz\/sk\/wp-json\/wp\/v2\/media?parent=572"}],"curies":[{"name":"wp","href":"https:\/\/api.w.org\/{rel}","templated":true}]}}